{"id":93,"date":"2024-04-21T18:22:05","date_gmt":"2024-04-21T18:22:05","guid":{"rendered":"https:\/\/www.printare-3d.ro\/?post_type=product&#038;p=93"},"modified":"2024-04-21T18:22:10","modified_gmt":"2024-04-21T18:22:10","slug":"filament-pla-2","status":"publish","type":"product","link":"https:\/\/www.printare-3d.ro\/?product=filament-pla-2","title":{"rendered":"Filament PLA"},"content":{"rendered":"<p>Filament PLA (Acid Polilactic) &#8211; Culori Vibrante<br \/>\nTransforma\u021bi-v\u0103 ideile \u00een realitate cu filamentul PLA de \u00eenalt\u0103 calitate \u00een culori vibrante! Acest filament este perfect pentru imprimantele 3D FDM \u0219i ofer\u0103 o combina\u021bie ideal\u0103 \u00eentre durabilitate \u0219i u\u0219urin\u021b\u0103 \u00een utilizare. PLA-ul este un material biodegradabil, derivat din surse naturale, cum ar fi porumbul sau trestia de zah\u0103r. Este excelent pentru printarea de prototipuri, accesorii de uz casnic sau obiecte decorative. Alege\u021bi dintr-o varietate de culori str\u0103lucitoare \u0219i \u00eencepe\u021bi s\u0103 crea\u021bi ast\u0103zi!<\/p>\n<p>Diametru: 1.75mm \/ 2.85mm<br \/>\nCulori disponibile: Ro\u0219u, albastru, verde, galben, negru, alb etc.<br \/>\nAmbalaj: Bobin\u0103 etan\u0219\u0103 de 1 kg<\/p>\n","protected":false},"excerpt":{"rendered":"<p>Filament PLA (Acid Polilactic) &#8211; Culori Vibrante<br \/>\nTransforma\u021bi-v\u0103 ideile \u00een realitate cu filamentul PLA de \u00eenalt\u0103 calitate \u00een culori vibrante! Acest filament este perfect pentru imprimantele 3D FDM \u0219i ofer\u0103 o combina\u021bie ideal\u0103 \u00eentre durabilitate \u0219i u\u0219urin\u021b\u0103 \u00een utilizare. PLA-ul este un material biodegradabil, derivat din surse naturale, cum ar fi porumbul sau trestia de zah\u0103r. Este excelent pentru printarea de prototipuri, accesorii de uz casnic sau obiecte decorative. Alege\u021bi dintr-o varietate de culori str\u0103lucitoare \u0219i \u00eencepe\u021bi s\u0103 crea\u021bi ast\u0103zi!<\/p>\n<p>Diametru: 1.75mm \/ 2.85mm<br \/>\nCulori disponibile: Ro\u0219u, albastru, verde, galben, negru, alb etc.<br \/>\nAmbalaj: Bobin\u0103 etan\u0219\u0103 de 1 kg<\/p>\n","protected":false},"featured_media":79,"comment_status":"open","ping_status":"closed","template":"","meta":[],"product_cat":[21],"product_tag":[28,26,29],"class_list":{"0":"post-93","1":"product","2":"type-product","3":"status-publish","4":"has-post-thumbnail","6":"product_cat-filamente-3d-pla","7":"product_tag-filament-pla","8":"product_tag-filamente-3d","9":"product_tag-filamente-imprimare-3d","11":"first","12":"instock","13":"sale","14":"shipping-taxable","15":"purchasable","16":"product-type-simple"},"_links":{"self":[{"href":"https:\/\/www.printare-3d.ro\/index.php?rest_route=\/wp\/v2\/product\/93","targetHints":{"allow":["GET"]}}],"collection":[{"href":"https:\/\/www.printare-3d.ro\/index.php?rest_route=\/wp\/v2\/product"}],"about":[{"href":"https:\/\/www.printare-3d.ro\/index.php?rest_route=\/wp\/v2\/types\/product"}],"replies":[{"embeddable":true,"href":"https:\/\/www.printare-3d.ro\/index.php?rest_route=%2Fwp%2Fv2%2Fcomments&post=93"}],"wp:featuredmedia":[{"embeddable":true,"href":"https:\/\/www.printare-3d.ro\/index.php?rest_route=\/wp\/v2\/media\/79"}],"wp:attachment":[{"href":"https:\/\/www.printare-3d.ro\/index.php?rest_route=%2Fwp%2Fv2%2Fmedia&parent=93"}],"wp:term":[{"taxonomy":"product_cat","embeddable":true,"href":"https:\/\/www.printare-3d.ro\/index.php?rest_route=%2Fwp%2Fv2%2Fproduct_cat&post=93"},{"taxonomy":"product_tag","embeddable":true,"href":"https:\/\/www.printare-3d.ro\/index.php?rest_route=%2Fwp%2Fv2%2Fproduct_tag&post=93"}],"curies":[{"name":"wp","href":"https:\/\/api.w.org\/{rel}","templated":true}]}}